{"id":679,"date":"2025-04-02T14:04:57","date_gmt":"2025-04-02T12:04:57","guid":{"rendered":"https:\/\/chambres-cheznico.com\/?page_id=679"},"modified":"2025-04-02T14:32:15","modified_gmt":"2025-04-02T12:32:15","slug":"accueil-velo","status":"publish","type":"page","link":"https:\/\/chambres-cheznico.com\/index.php\/accueil\/accueil-velo\/","title":{"rendered":"Accueil V\u00e9lo"},"content":{"rendered":"\n<figure class=\"wp-block-image size-full\"><a href=\"   https:\/\/www.francevelotourisme.com\/accueil-velo\"><img decoding=\"async\" loading=\"lazy\" width=\"228\" height=\"244\" src=\"http:\/\/chambres-cheznico.com\/wp-content\/uploads\/2025\/04\/logo-accueil-velo.jpg\" alt=\"\" class=\"wp-image-673\"\/><\/a><figcaption class=\"wp-element-caption\">pour un bon accueil nous mettons \u00e0 disposition un garage ferm\u00e9 <\/figcaption><\/figure>\n\n\n\n<p>vous pouvez laver ,r\u00e9parer vos v\u00e9los<\/p>\n\n\n\n<p>pour vos v\u00eatements il y a une machine \u00e0 laver<\/p>\n\n\n\n<p>vous pouvez vous restaurer (micro, onde frigo, vaisselles,et un barbecue \u00e0 gaz)sont \u00e0 disposition<\/p>\n\n\n\n<p>\u00e0 proximit\u00e9 il y a magasin d alimentation<\/p>\n\n\n\n<p>pour les itin\u00e9raires de proximit\u00e9 de la chambre d&rsquo;h\u00f4te<\/p>\n\n\n\n<p>le ballon d\u2019Alsace, le Hohneck,  le Grand Ballon, L Alsace ,la Haute Sa\u00f4ne , les Milles \u00c9tangs<\/p>\n\n\n\n<p><\/p>\n\n\n\n<p> <\/p>\n","protected":false},"excerpt":{"rendered":"<p>vous pouvez laver ,r\u00e9parer vos v\u00e9los pour vos v\u00eatements il y a une machine \u00e0 laver vous pouvez vous restaurer (micro, onde frigo, vaisselles,et un barbecue \u00e0 gaz)sont \u00e0 disposition \u00e0 proximit\u00e9 il y a magasin d alimentation pour les itin\u00e9raires de proximit\u00e9 de la chambre d&rsquo;h\u00f4te le ballon d\u2019Alsace, le Hohneck, le Grand Ballon, [&hellip;]<\/p>\n","protected":false},"author":1,"featured_media":0,"parent":9,"menu_order":1,"comment_status":"closed","ping_status":"closed","template":"","meta":[],"_links":{"self":[{"href":"https:\/\/chambres-cheznico.com\/index.php\/wp-json\/wp\/v2\/pages\/679"}],"collection":[{"href":"https:\/\/chambres-cheznico.com\/index.php\/wp-json\/wp\/v2\/pages"}],"about":[{"href":"https:\/\/chambres-cheznico.com\/index.php\/wp-json\/wp\/v2\/types\/page"}],"author":[{"embeddable":true,"href":"https:\/\/chambres-cheznico.com\/index.php\/wp-json\/wp\/v2\/users\/1"}],"replies":[{"embeddable":true,"href":"https:\/\/chambres-cheznico.com\/index.php\/wp-json\/wp\/v2\/comments?post=679"}],"version-history":[{"count":3,"href":"https:\/\/chambres-cheznico.com\/index.php\/wp-json\/wp\/v2\/pages\/679\/revisions"}],"predecessor-version":[{"id":683,"href":"https:\/\/chambres-cheznico.com\/index.php\/wp-json\/wp\/v2\/pages\/679\/revisions\/683"}],"up":[{"embeddable":true,"href":"https:\/\/chambres-cheznico.com\/index.php\/wp-json\/wp\/v2\/pages\/9"}],"wp:attachment":[{"href":"https:\/\/chambres-cheznico.com\/index.php\/wp-json\/wp\/v2\/media?parent=679"}],"curies":[{"name":"wp","href":"https:\/\/api.w.org\/{rel}","templated":true}]}}