{"id":67,"date":"2016-10-15T16:17:26","date_gmt":"2016-10-15T14:17:26","guid":{"rendered":"http:\/\/chambres-cheznico.com\/?page_id=67"},"modified":"2016-11-05T15:20:13","modified_gmt":"2016-11-05T14:20:13","slug":"hivers-2","status":"publish","type":"page","link":"https:\/\/chambres-cheznico.com\/index.php\/hivers-2\/","title":{"rendered":"Hiver"},"content":{"rendered":"<ul>\n<li><span style=\"text-decoration: underline;\">Ventron<\/span><span style=\"text-decoration: underline;\"><img decoding=\"async\" loading=\"lazy\" class=\"wp-image-316 alignright\" src=\"http:\/\/chambres-cheznico.com\/wp-content\/uploads\/2016\/10\/IMAG0802-1-300x225.jpg\" alt=\"imag0802\" width=\"119\" height=\"89\" srcset=\"https:\/\/chambres-cheznico.com\/wp-content\/uploads\/2016\/10\/IMAG0802-1-300x225.jpg 300w, https:\/\/chambres-cheznico.com\/wp-content\/uploads\/2016\/10\/IMAG0802-1-768x576.jpg 768w, https:\/\/chambres-cheznico.com\/wp-content\/uploads\/2016\/10\/IMAG0802-1-1024x768.jpg 1024w, https:\/\/chambres-cheznico.com\/wp-content\/uploads\/2016\/10\/IMAG0802-1-360x270.jpg 360w\" sizes=\"(max-width: 119px) 100vw, 119px\" \/><\/span><span style=\"text-decoration: underline;\"><img decoding=\"async\" loading=\"lazy\" class=\"wp-image-307 alignright\" src=\"http:\/\/chambres-cheznico.com\/wp-content\/uploads\/2016\/10\/ventron-hautes-vosges-757-300x300.jpg\" alt=\"ventron-hautes-vosges-757\" width=\"107\" height=\"107\" srcset=\"https:\/\/chambres-cheznico.com\/wp-content\/uploads\/2016\/10\/ventron-hautes-vosges-757-300x300.jpg 300w, https:\/\/chambres-cheznico.com\/wp-content\/uploads\/2016\/10\/ventron-hautes-vosges-757-150x150.jpg 150w, https:\/\/chambres-cheznico.com\/wp-content\/uploads\/2016\/10\/ventron-hautes-vosges-757-270x270.jpg 270w, https:\/\/chambres-cheznico.com\/wp-content\/uploads\/2016\/10\/ventron-hautes-vosges-757.jpg 350w\" sizes=\"(max-width: 107px) 100vw, 107px\" \/><\/span><\/li>\n<li><span style=\"text-decoration: underline;\">Bussang<\/span><\/li>\n<li><span style=\"text-decoration: underline;\">Le rouge Gazon<\/span><\/li>\n<li><span style=\"text-decoration: underline;\">Le Ballon d\u2019Alsace<\/span><\/li>\n<li><span style=\"text-decoration: underline;\">La Bresse-lispach<\/span><\/li>\n<\/ul>\n<p><strong>La raquette, le ski de fond<\/strong><\/p>\n<p>La pratique de ces deux activit\u00e9s est possible au d\u00e9part de ces stations et de bien d&rsquo;autres.<\/p>\n<p>Les accompagnateurs en montagne sont l\u00e0 pour vous initier et vous les faire d\u00e9couvrir.<\/p>\n<p>Les pistes de <strong>Ventron<\/strong> (Fr\u00e8re Joseph) rejoignent celles de<strong> Bussang<\/strong> pour constituer un vaste domaine (pistes entretenues journellement, les d\u00e9parts se font\u00a0 \u00e0 Bussang ou \u00e0 Ventron).<\/p>\n<p><strong>Le Rouge Gazon<\/strong><\/p>\n<p>vous trouverez diff\u00e9rentes pistes<\/p>\n<ul>\n<li>piste verte : 3,5 km<\/li>\n<li>piste bleue : 7 km<\/li>\n<li>piste rouge : 10 km<\/li>\n<\/ul>\n<p><strong>Le ballon d&rsquo;Alsace<\/strong><\/p>\n<p>6 pistes: 40 km de pistes dam\u00e9es et s\u00e9curis\u00e9es<img decoding=\"async\" loading=\"lazy\" class=\"wp-image-364 alignright\" src=\"http:\/\/chambres-cheznico.com\/wp-content\/uploads\/2016\/10\/im8-300x225.jpg\" alt=\"im8\" width=\"151\" height=\"113\" srcset=\"https:\/\/chambres-cheznico.com\/wp-content\/uploads\/2016\/10\/im8-300x225.jpg 300w, https:\/\/chambres-cheznico.com\/wp-content\/uploads\/2016\/10\/im8-768x576.jpg 768w, https:\/\/chambres-cheznico.com\/wp-content\/uploads\/2016\/10\/im8.jpg 1024w, https:\/\/chambres-cheznico.com\/wp-content\/uploads\/2016\/10\/im8-360x270.jpg 360w\" sizes=\"(max-width: 151px) 100vw, 151px\" \/><\/p>\n<p><strong>La Bresse -Lispach<\/strong><\/p>\n<p>50 km de pistes balis\u00e9es, dam\u00e9es et s\u00e9curis\u00e9es sont reli\u00e9es aux domaines de G\u00e9rardmer et Xonrupt -Longemer (3 pistes vertes, 2 bleus, 3 rouges).<\/p>\n<p><span style=\"text-decoration: underline;\"><strong>Ski alpin<\/strong><\/span><\/p>\n<ul>\n<li><span style=\"text-decoration: underline;\">Ventron<\/span><\/li>\n<li><span style=\"text-decoration: underline;\">Bussang Larcenaire<\/span><\/li>\n<li><span style=\"text-decoration: underline;\">Le Rouge Gazon<\/span><\/li>\n<li><span style=\"text-decoration: underline;\">Le Ballon d\u2019Alsace<\/span><\/li>\n<li><span style=\"text-decoration: underline;\">La Bresse-Hohneck (plus grand domaine skiable de l&rsquo;est de la France).<\/span><\/li>\n<\/ul>\n<p>Dans ces stations vous trouverez des pistes de descentes de tous niveaux.<\/p>\n<p>Toutes mettent \u00e0 disposition des jardins d&rsquo;enfants pour les initier au skis en s&rsquo;amusant.<\/p>\n<p>Des cours de ski\u00a0 sont donn\u00e9s dans toute ces stations avec des moniteurs dipl\u00f4m\u00e9s.<\/p>\n<p>&nbsp;<\/p>\n","protected":false},"excerpt":{"rendered":"<p>Ventron Bussang Le rouge Gazon Le Ballon d\u2019Alsace La Bresse-lispach La raquette, le ski de fond La pratique de ces deux activit\u00e9s est possible au d\u00e9part de ces stations et de bien d&rsquo;autres. Les accompagnateurs en montagne sont l\u00e0 pour vous initier et vous les faire d\u00e9couvrir. Les pistes de Ventron (Fr\u00e8re Joseph) rejoignent celles [&hellip;]<\/p>\n","protected":false},"author":1,"featured_media":0,"parent":0,"menu_order":0,"comment_status":"closed","ping_status":"closed","template":"","meta":[],"_links":{"self":[{"href":"https:\/\/chambres-cheznico.com\/index.php\/wp-json\/wp\/v2\/pages\/67"}],"collection":[{"href":"https:\/\/chambres-cheznico.com\/index.php\/wp-json\/wp\/v2\/pages"}],"about":[{"href":"https:\/\/chambres-cheznico.com\/index.php\/wp-json\/wp\/v2\/types\/page"}],"author":[{"embeddable":true,"href":"https:\/\/chambres-cheznico.com\/index.php\/wp-json\/wp\/v2\/users\/1"}],"replies":[{"embeddable":true,"href":"https:\/\/chambres-cheznico.com\/index.php\/wp-json\/wp\/v2\/comments?post=67"}],"version-history":[{"count":24,"href":"https:\/\/chambres-cheznico.com\/index.php\/wp-json\/wp\/v2\/pages\/67\/revisions"}],"predecessor-version":[{"id":523,"href":"https:\/\/chambres-cheznico.com\/index.php\/wp-json\/wp\/v2\/pages\/67\/revisions\/523"}],"wp:attachment":[{"href":"https:\/\/chambres-cheznico.com\/index.php\/wp-json\/wp\/v2\/media?parent=67"}],"curies":[{"name":"wp","href":"https:\/\/api.w.org\/{rel}","templated":true}]}}