{"id":59,"date":"2016-10-15T16:02:09","date_gmt":"2016-10-15T14:02:09","guid":{"rendered":"http:\/\/chambres-cheznico.com\/?page_id=59"},"modified":"2016-11-05T19:55:48","modified_gmt":"2016-11-05T18:55:48","slug":"petits-dejeuners","status":"publish","type":"page","link":"https:\/\/chambres-cheznico.com\/index.php\/petits-dejeuners\/","title":{"rendered":"petits d\u00e9jeuners"},"content":{"rendered":"<h2><\/h2>\n<h4><span style=\"text-decoration: underline; color: #0000ff;\">Nous vous invitons \u00e0 partager notre petit d\u00e9jeuner dans notre salle \u00e0 manger familiale. Vous avez aussi la possibilit\u00e9 de le prendre dans le salon privatif.<br \/>\n<\/span><\/h4>\n<h4><span style=\"text-decoration: underline;\">Au menu :<\/span><\/h4>\n<ul>\n<li>Boissons chaudes (th\u00e9, caf\u00e9, chocolat ou tisane) \u00e0 volont\u00e9<\/li>\n<li>Pain frais<\/li>\n<li>G\u00e2teaux ou brioches faits maison<\/li>\n<li>Yaourt ou cr\u00e8me dessert et compote ou fruits (faits maison)<\/li>\n<li>Beurre<\/li>\n<li>Confitures maison<\/li>\n<\/ul>\n<p>Possibilit\u00e9 d&rsquo;avoir un petit d\u00e9jeuner sal\u00e9 (charcuteries, fromages, \u0153ufs \u00e0 la coque) sur commande \u00e0 la r\u00e9servation de la chambre.<img decoding=\"async\" loading=\"lazy\" class=\" wp-image-440 aligncenter\" src=\"http:\/\/chambres-cheznico.com\/wp-content\/uploads\/2016\/10\/20161029_074657-300x169.jpg\" alt=\"20161029_074657\" width=\"470\" height=\"265\" srcset=\"https:\/\/chambres-cheznico.com\/wp-content\/uploads\/2016\/10\/20161029_074657-300x169.jpg 300w, https:\/\/chambres-cheznico.com\/wp-content\/uploads\/2016\/10\/20161029_074657-768x432.jpg 768w, https:\/\/chambres-cheznico.com\/wp-content\/uploads\/2016\/10\/20161029_074657-1024x576.jpg 1024w, https:\/\/chambres-cheznico.com\/wp-content\/uploads\/2016\/10\/20161029_074657-480x270.jpg 480w\" sizes=\"(max-width: 470px) 100vw, 470px\" \/><\/p>\n<h2><\/h2>\n<p>&nbsp;<\/p>\n<h2><\/h2>\n<h2><\/h2>\n<h2><\/h2>\n","protected":false},"excerpt":{"rendered":"<p>Nous vous invitons \u00e0 partager notre petit d\u00e9jeuner dans notre salle \u00e0 manger familiale. Vous avez aussi la possibilit\u00e9 de le prendre dans le salon privatif. Au menu : Boissons chaudes (th\u00e9, caf\u00e9, chocolat ou tisane) \u00e0 volont\u00e9 Pain frais G\u00e2teaux ou brioches faits maison Yaourt ou cr\u00e8me dessert et compote ou fruits (faits maison) [&hellip;]<\/p>\n","protected":false},"author":1,"featured_media":0,"parent":0,"menu_order":0,"comment_status":"closed","ping_status":"closed","template":"","meta":[],"_links":{"self":[{"href":"https:\/\/chambres-cheznico.com\/index.php\/wp-json\/wp\/v2\/pages\/59"}],"collection":[{"href":"https:\/\/chambres-cheznico.com\/index.php\/wp-json\/wp\/v2\/pages"}],"about":[{"href":"https:\/\/chambres-cheznico.com\/index.php\/wp-json\/wp\/v2\/types\/page"}],"author":[{"embeddable":true,"href":"https:\/\/chambres-cheznico.com\/index.php\/wp-json\/wp\/v2\/users\/1"}],"replies":[{"embeddable":true,"href":"https:\/\/chambres-cheznico.com\/index.php\/wp-json\/wp\/v2\/comments?post=59"}],"version-history":[{"count":22,"href":"https:\/\/chambres-cheznico.com\/index.php\/wp-json\/wp\/v2\/pages\/59\/revisions"}],"predecessor-version":[{"id":525,"href":"https:\/\/chambres-cheznico.com\/index.php\/wp-json\/wp\/v2\/pages\/59\/revisions\/525"}],"wp:attachment":[{"href":"https:\/\/chambres-cheznico.com\/index.php\/wp-json\/wp\/v2\/media?parent=59"}],"curies":[{"name":"wp","href":"https:\/\/api.w.org\/{rel}","templated":true}]}}