{"id":547,"date":"2016-11-12T05:35:45","date_gmt":"2016-11-12T04:35:45","guid":{"rendered":"http:\/\/chambres-cheznico.com\/?page_id=547"},"modified":"2016-11-12T05:35:45","modified_gmt":"2016-11-12T04:35:45","slug":"gastronomie-commerces","status":"publish","type":"page","link":"https:\/\/chambres-cheznico.com\/index.php\/gastronomie-commerces\/","title":{"rendered":"Gastronomie ,commerces"},"content":{"rendered":"<h3><span style=\"text-decoration: underline;\">La gastronomie<\/span><\/h3>\n<p>Si vous voulez d\u00e9guster des plats typiques, les fermes auberges vous accueillent<img decoding=\"async\" loading=\"lazy\" class=\"wp-image-375 alignright\" src=\"http:\/\/chambres-cheznico.com\/wp-content\/uploads\/2016\/10\/000000000000058747_E1-2-300x169.jpg\" alt=\"000000000000058747_e1-2\" width=\"72\" height=\"41\" srcset=\"https:\/\/chambres-cheznico.com\/wp-content\/uploads\/2016\/10\/000000000000058747_E1-2-300x169.jpg 300w, https:\/\/chambres-cheznico.com\/wp-content\/uploads\/2016\/10\/000000000000058747_E1-2-479x270.jpg 479w, https:\/\/chambres-cheznico.com\/wp-content\/uploads\/2016\/10\/000000000000058747_E1-2.jpg 634w\" sizes=\"(max-width: 72px) 100vw, 72px\" \/>(toffaille, fum\u00e9 Vosgien, tarte aux myrtilles), proche de l&rsquo;Alsace avec sa route des vins tr\u00e8s r\u00e9put\u00e9e et ses sp\u00e9cialit\u00e9s gastronomiques (choucroute, baeckeoffe&#8230;).<\/p>\n<p><span style=\"color: #ff0000;\">A 5 minute\u00a0 en voiture de la maison, vous trouverez toutes les commodit\u00e9s utiles et des commerces de proximit\u00e9 :<br \/>\n<\/span><\/p>\n<ul>\n<li>Cabinet m\u00e9dical<\/li>\n<li>Pharmacie<\/li>\n<li>Supermarch\u00e9s<\/li>\n<li>Librairie<img decoding=\"async\" loading=\"lazy\" class=\"wp-image-380 alignright\" src=\"http:\/\/chambres-cheznico.com\/wp-content\/uploads\/2016\/10\/enseigne-2.jpg\" alt=\"enseigne-2\" width=\"64\" height=\"63\" srcset=\"https:\/\/chambres-cheznico.com\/wp-content\/uploads\/2016\/10\/enseigne-2.jpg 157w, https:\/\/chambres-cheznico.com\/wp-content\/uploads\/2016\/10\/enseigne-2-150x150.jpg 150w\" sizes=\"(max-width: 64px) 100vw, 64px\" \/><\/li>\n<li>Restaurants<\/li>\n<li>Boulangeries<\/li>\n<li>Boucherie<\/li>\n<li>Office de Tourisme<img decoding=\"async\" loading=\"lazy\" class=\"wp-image-379 alignright\" src=\"http:\/\/chambres-cheznico.com\/wp-content\/uploads\/2016\/10\/Enseigne-de-boulangerie-patisserie-2-300x239.jpg\" alt=\"enseigne-de-boulangerie-patisserie-2\" width=\"68\" height=\"54\" srcset=\"https:\/\/chambres-cheznico.com\/wp-content\/uploads\/2016\/10\/Enseigne-de-boulangerie-patisserie-2-300x239.jpg 300w, https:\/\/chambres-cheznico.com\/wp-content\/uploads\/2016\/10\/Enseigne-de-boulangerie-patisserie-2-339x270.jpg 339w, https:\/\/chambres-cheznico.com\/wp-content\/uploads\/2016\/10\/Enseigne-de-boulangerie-patisserie-2.jpg 471w\" sizes=\"(max-width: 68px) 100vw, 68px\" \/><\/li>\n<li>Cin\u00e9ma<\/li>\n<li>M\u00e9diath\u00e8que<\/li>\n<li>Casino \u00e0 Bussang<\/li>\n<\/ul>\n","protected":false},"excerpt":{"rendered":"<p>La gastronomie Si vous voulez d\u00e9guster des plats typiques, les fermes auberges vous accueillent(toffaille, fum\u00e9 Vosgien, tarte aux myrtilles), proche de l&rsquo;Alsace avec sa route des vins tr\u00e8s r\u00e9put\u00e9e et ses sp\u00e9cialit\u00e9s gastronomiques (choucroute, baeckeoffe&#8230;). A 5 minute\u00a0 en voiture de la maison, vous trouverez toutes les commodit\u00e9s utiles et des commerces de proximit\u00e9 : [&hellip;]<\/p>\n","protected":false},"author":1,"featured_media":0,"parent":0,"menu_order":0,"comment_status":"closed","ping_status":"closed","template":"","meta":[],"_links":{"self":[{"href":"https:\/\/chambres-cheznico.com\/index.php\/wp-json\/wp\/v2\/pages\/547"}],"collection":[{"href":"https:\/\/chambres-cheznico.com\/index.php\/wp-json\/wp\/v2\/pages"}],"about":[{"href":"https:\/\/chambres-cheznico.com\/index.php\/wp-json\/wp\/v2\/types\/page"}],"author":[{"embeddable":true,"href":"https:\/\/chambres-cheznico.com\/index.php\/wp-json\/wp\/v2\/users\/1"}],"replies":[{"embeddable":true,"href":"https:\/\/chambres-cheznico.com\/index.php\/wp-json\/wp\/v2\/comments?post=547"}],"version-history":[{"count":1,"href":"https:\/\/chambres-cheznico.com\/index.php\/wp-json\/wp\/v2\/pages\/547\/revisions"}],"predecessor-version":[{"id":549,"href":"https:\/\/chambres-cheznico.com\/index.php\/wp-json\/wp\/v2\/pages\/547\/revisions\/549"}],"wp:attachment":[{"href":"https:\/\/chambres-cheznico.com\/index.php\/wp-json\/wp\/v2\/media?parent=547"}],"curies":[{"name":"wp","href":"https:\/\/api.w.org\/{rel}","templated":true}]}}