{"id":384,"date":"2016-10-27T17:08:19","date_gmt":"2016-10-27T15:08:19","guid":{"rendered":"http:\/\/chambres-cheznico.com\/?page_id=384"},"modified":"2020-08-12T18:55:33","modified_gmt":"2020-08-12T16:55:33","slug":"salle-de-bain-wc","status":"publish","type":"page","link":"https:\/\/chambres-cheznico.com\/index.php\/salle-de-bain-wc\/","title":{"rendered":"Salle d&rsquo;eau, WC"},"content":{"rendered":"<p><span style=\"color: #0000ff;\">La salle d&rsquo;eau<\/span> comprend une douche, un lavabo, une machine \u00e0 laver ainsi qu&rsquo;un \u00e9tendoir \u00e0 linge.<\/p>\n<p>Les serviettes et les gants de toilette sont fournis.<\/p>\n<p>\u00a0<\/p>\n<p>Les WC sont s\u00e9par\u00e9s<span style=\"color: #008080;\"><br \/><\/span><\/p>\n<p>\u00a0<\/p>\n\n\n<ul class=\"wp-block-gallery columns-2 is-cropped wp-block-gallery-1 is-layout-flex\"><li class=\"blocks-gallery-item\"><figure><img decoding=\"async\" loading=\"lazy\" width=\"1024\" height=\"576\" src=\"http:\/\/chambres-cheznico.com\/wp-content\/uploads\/2020\/08\/20200716_205538-1024x576.jpg\" alt=\"\" data-id=\"606\" data-link=\"http:\/\/chambres-cheznico.com\/index.php\/salle-de-bain-wc\/20200716_205538\/\" class=\"wp-image-606\" srcset=\"https:\/\/chambres-cheznico.com\/wp-content\/uploads\/2020\/08\/20200716_205538-1024x576.jpg 1024w, https:\/\/chambres-cheznico.com\/wp-content\/uploads\/2020\/08\/20200716_205538-300x169.jpg 300w, https:\/\/chambres-cheznico.com\/wp-content\/uploads\/2020\/08\/20200716_205538-768x432.jpg 768w, https:\/\/chambres-cheznico.com\/wp-content\/uploads\/2020\/08\/20200716_205538-480x270.jpg 480w\" sizes=\"(max-width: 1024px) 100vw, 1024px\" \/><figcaption>douche et lavabo<\/figcaption><\/figure><\/li><li class=\"blocks-gallery-item\"><figure><img decoding=\"async\" loading=\"lazy\" width=\"1024\" height=\"576\" src=\"http:\/\/chambres-cheznico.com\/wp-content\/uploads\/2020\/08\/20200717_130832-1024x576.jpg\" alt=\"\" data-id=\"609\" data-link=\"http:\/\/chambres-cheznico.com\/index.php\/salle-de-bain-wc\/20200717_130832\/\" class=\"wp-image-609\" srcset=\"https:\/\/chambres-cheznico.com\/wp-content\/uploads\/2020\/08\/20200717_130832-1024x576.jpg 1024w, https:\/\/chambres-cheznico.com\/wp-content\/uploads\/2020\/08\/20200717_130832-300x169.jpg 300w, https:\/\/chambres-cheznico.com\/wp-content\/uploads\/2020\/08\/20200717_130832-768x432.jpg 768w, https:\/\/chambres-cheznico.com\/wp-content\/uploads\/2020\/08\/20200717_130832-480x270.jpg 480w\" sizes=\"(max-width: 1024px) 100vw, 1024px\" \/><figcaption>entr\u00e9e<\/figcaption><\/figure><\/li><\/ul>\n","protected":false},"excerpt":{"rendered":"<p>La salle d&rsquo;eau comprend une douche, un lavabo, une machine \u00e0 laver ainsi qu&rsquo;un \u00e9tendoir \u00e0 linge. Les serviettes et les gants de toilette sont fournis. \u00a0 Les WC sont s\u00e9par\u00e9s \u00a0<\/p>\n","protected":false},"author":1,"featured_media":0,"parent":0,"menu_order":0,"comment_status":"closed","ping_status":"closed","template":"","meta":[],"_links":{"self":[{"href":"https:\/\/chambres-cheznico.com\/index.php\/wp-json\/wp\/v2\/pages\/384"}],"collection":[{"href":"https:\/\/chambres-cheznico.com\/index.php\/wp-json\/wp\/v2\/pages"}],"about":[{"href":"https:\/\/chambres-cheznico.com\/index.php\/wp-json\/wp\/v2\/types\/page"}],"author":[{"embeddable":true,"href":"https:\/\/chambres-cheznico.com\/index.php\/wp-json\/wp\/v2\/users\/1"}],"replies":[{"embeddable":true,"href":"https:\/\/chambres-cheznico.com\/index.php\/wp-json\/wp\/v2\/comments?post=384"}],"version-history":[{"count":11,"href":"https:\/\/chambres-cheznico.com\/index.php\/wp-json\/wp\/v2\/pages\/384\/revisions"}],"predecessor-version":[{"id":610,"href":"https:\/\/chambres-cheznico.com\/index.php\/wp-json\/wp\/v2\/pages\/384\/revisions\/610"}],"wp:attachment":[{"href":"https:\/\/chambres-cheznico.com\/index.php\/wp-json\/wp\/v2\/media?parent=384"}],"curies":[{"name":"wp","href":"https:\/\/api.w.org\/{rel}","templated":true}]}}