{"id":21,"date":"2016-10-13T15:28:28","date_gmt":"2016-10-13T13:28:28","guid":{"rendered":"http:\/\/chambres-cheznico.com\/?page_id=21"},"modified":"2016-11-12T05:39:00","modified_gmt":"2016-11-12T04:39:00","slug":"activites","status":"publish","type":"page","link":"https:\/\/chambres-cheznico.com\/index.php\/activites\/","title":{"rendered":"Activit\u00e9s"},"content":{"rendered":"<h3><span style=\"text-decoration: underline;\"><span style=\"color: #008080; text-decoration: underline;\">Toute l&rsquo;ann\u00e9e, selon les saisons, vous aurez acc\u00e8s \u00e0 diff\u00e9rentes activit\u00e9s en fonction de vos envies<\/span><\/span><\/h3>\n<h4><span style=\"color: #993366;\">Notre r\u00e9gion vous offre la possibilit\u00e9 de d\u00e9couvrir le patrimoine Vosgien:<br \/>\n<\/span><\/h4>\n<ul>\n<li>Mus\u00e9e du Textile<\/li>\n<li>Mus\u00e9e du bois<\/li>\n<li>Mine de cuivre des ducs de Lorraine<\/li>\n<li>Th\u00e9\u00e2tre du Peuple de Bussang class\u00e9 monument historique<\/li>\n<\/ul>\n<p><span style=\"color: #993366;\">Nombreux sont les artisans \u00e0 ouvrir leurs portes pour expliquer la fabrication de leurs produits<\/span><\/p>\n<ul>\n<li>Les jouets en bois<img decoding=\"async\" loading=\"lazy\" class=\"wp-image-373 alignright\" src=\"http:\/\/chambres-cheznico.com\/wp-content\/uploads\/2016\/10\/Blocs1_large-300x253.png\" alt=\"blocs1_large\" width=\"48\" height=\"40\" srcset=\"https:\/\/chambres-cheznico.com\/wp-content\/uploads\/2016\/10\/Blocs1_large-300x253.png 300w, https:\/\/chambres-cheznico.com\/wp-content\/uploads\/2016\/10\/Blocs1_large-320x270.png 320w, https:\/\/chambres-cheznico.com\/wp-content\/uploads\/2016\/10\/Blocs1_large.png 420w\" sizes=\"(max-width: 48px) 100vw, 48px\" \/><\/li>\n<li>Les produits de la ferme : munster, barkas<\/li>\n<li>Vin de petits fruits<img decoding=\"async\" loading=\"lazy\" class=\"wp-image-110 alignright\" src=\"http:\/\/chambres-cheznico.com\/wp-content\/uploads\/2016\/10\/ori-stickers-pot-de-confiture-7517_12230-267x300.jpg\" alt=\"Print\" width=\"24\" height=\"27\" srcset=\"https:\/\/chambres-cheznico.com\/wp-content\/uploads\/2016\/10\/ori-stickers-pot-de-confiture-7517_12230-267x300.jpg 267w, https:\/\/chambres-cheznico.com\/wp-content\/uploads\/2016\/10\/ori-stickers-pot-de-confiture-7517_12230-768x864.jpg 768w, https:\/\/chambres-cheznico.com\/wp-content\/uploads\/2016\/10\/ori-stickers-pot-de-confiture-7517_12230-240x270.jpg 240w, https:\/\/chambres-cheznico.com\/wp-content\/uploads\/2016\/10\/ori-stickers-pot-de-confiture-7517_12230.jpg 889w\" sizes=\"(max-width: 24px) 100vw, 24px\" \/><\/li>\n<li>Miel (sapin des Vosges, fleurs&#8230;)<\/li>\n<li>Fabrique de bonbons<img decoding=\"async\" loading=\"lazy\" class=\"wp-image-488 alignright\" src=\"http:\/\/chambres-cheznico.com\/wp-content\/uploads\/2016\/10\/cheese-928842_1280-300x200.jpg\" alt=\"cheese-928842_1280\" width=\"62\" height=\"41\" srcset=\"https:\/\/chambres-cheznico.com\/wp-content\/uploads\/2016\/10\/cheese-928842_1280-300x200.jpg 300w, https:\/\/chambres-cheznico.com\/wp-content\/uploads\/2016\/10\/cheese-928842_1280-768x512.jpg 768w, https:\/\/chambres-cheznico.com\/wp-content\/uploads\/2016\/10\/cheese-928842_1280-1024x682.jpg 1024w, https:\/\/chambres-cheznico.com\/wp-content\/uploads\/2016\/10\/cheese-928842_1280-405x270.jpg 405w, https:\/\/chambres-cheznico.com\/wp-content\/uploads\/2016\/10\/cheese-928842_1280.jpg 1280w\" sizes=\"(max-width: 62px) 100vw, 62px\" \/><\/li>\n<li>Le sabotier<img decoding=\"async\" loading=\"lazy\" class=\"wp-image-494 alignright\" src=\"http:\/\/chambres-cheznico.com\/wp-content\/uploads\/2016\/10\/sabot-300x217.png\" alt=\"sabot\" width=\"61\" height=\"44\" srcset=\"https:\/\/chambres-cheznico.com\/wp-content\/uploads\/2016\/10\/sabot-300x217.png 300w, https:\/\/chambres-cheznico.com\/wp-content\/uploads\/2016\/10\/sabot.png 350w\" sizes=\"(max-width: 61px) 100vw, 61px\" \/><\/li>\n<li>Le fum\u00e9 Vosgien<\/li>\n<li>le travail du cuir : sacs, ceintures, porte monnaie<\/li>\n<\/ul>\n<h4><strong><span style=\"color: #993366;\">Le textile est toujours pr\u00e9sent dans les Vosges, vous trouverez des magasins d&rsquo;usines qui vendent des tissus\u00a0 et de la confection de qualit\u00e9.<\/span><\/strong><\/h4>\n<h4><span style=\"color: #993366;\">Stations thermales :<br \/>\n<\/span><\/h4>\n<ul>\n<li>Plombi\u00e8re les bains (vous pourrez visiter le centre de remise en forme et profiter du bienfait des eaux), Vittel, Contrex\u00e9ville.<\/li>\n<\/ul>\n<ul>\n<li>Bussang o\u00f9 na\u00eet la Moselle (vous pourrez profiter de l&rsquo;eau ferrugineuse \u00e0 la source Marie).<\/li>\n<\/ul>\n<h5><span style=\"color: #ff0000;\">A chaque saison son charme et ses couleurs<\/span><\/h5>\n<p>&nbsp;<\/p>\n","protected":false},"excerpt":{"rendered":"<p>Toute l&rsquo;ann\u00e9e, selon les saisons, vous aurez acc\u00e8s \u00e0 diff\u00e9rentes activit\u00e9s en fonction de vos envies Notre r\u00e9gion vous offre la possibilit\u00e9 de d\u00e9couvrir le patrimoine Vosgien: Mus\u00e9e du Textile Mus\u00e9e du bois Mine de cuivre des ducs de Lorraine Th\u00e9\u00e2tre du Peuple de Bussang class\u00e9 monument historique Nombreux sont les artisans \u00e0 ouvrir leurs [&hellip;]<\/p>\n","protected":false},"author":1,"featured_media":0,"parent":0,"menu_order":0,"comment_status":"closed","ping_status":"closed","template":"","meta":[],"_links":{"self":[{"href":"https:\/\/chambres-cheznico.com\/index.php\/wp-json\/wp\/v2\/pages\/21"}],"collection":[{"href":"https:\/\/chambres-cheznico.com\/index.php\/wp-json\/wp\/v2\/pages"}],"about":[{"href":"https:\/\/chambres-cheznico.com\/index.php\/wp-json\/wp\/v2\/types\/page"}],"author":[{"embeddable":true,"href":"https:\/\/chambres-cheznico.com\/index.php\/wp-json\/wp\/v2\/users\/1"}],"replies":[{"embeddable":true,"href":"https:\/\/chambres-cheznico.com\/index.php\/wp-json\/wp\/v2\/comments?post=21"}],"version-history":[{"count":42,"href":"https:\/\/chambres-cheznico.com\/index.php\/wp-json\/wp\/v2\/pages\/21\/revisions"}],"predecessor-version":[{"id":551,"href":"https:\/\/chambres-cheznico.com\/index.php\/wp-json\/wp\/v2\/pages\/21\/revisions\/551"}],"wp:attachment":[{"href":"https:\/\/chambres-cheznico.com\/index.php\/wp-json\/wp\/v2\/media?parent=21"}],"curies":[{"name":"wp","href":"https:\/\/api.w.org\/{rel}","templated":true}]}}