{"id":19,"date":"2016-10-13T15:27:46","date_gmt":"2016-10-13T13:27:46","guid":{"rendered":"http:\/\/chambres-cheznico.com\/?page_id=19"},"modified":"2022-10-20T04:41:54","modified_gmt":"2022-10-20T02:41:54","slug":"coordonnees-tarifs","status":"publish","type":"page","link":"https:\/\/chambres-cheznico.com\/index.php\/coordonnees-tarifs\/","title":{"rendered":"Tarifs"},"content":{"rendered":"<p>55 \u20ac pour un couple<\/p>\n<p>35\u20ac pour 1 personne<\/p>\n<p>Enfants de moins de 3 ans 15 \u20ac pour la literie, gratuit sans literie.<\/p>\n<p>Le prix comprend la chambre, le petit d\u00e9jeuner,\u00a0 le linge de maison.<\/p>\n<p>taxe de s\u00e9jour en plus 0.70 euro par personne par jour<\/p>\n<p>Paiements accept\u00e9s : ch\u00e8ques, liquide, ch\u00e8ques vacances, ch\u00e8ques vacances connectes.<\/p>\n<p>Nous vous accueillons \u00e0 partir de 16 h et les chambres doivent \u00eatre lib\u00e9r\u00e9es pour 10h30.<\/p>\n","protected":false},"excerpt":{"rendered":"<p>55 \u20ac pour un couple 35\u20ac pour 1 personne Enfants de moins de 3 ans 15 \u20ac pour la literie, gratuit sans literie. Le prix comprend la chambre, le petit d\u00e9jeuner,\u00a0 le linge de maison. taxe de s\u00e9jour en plus 0.70 euro par personne par jour Paiements accept\u00e9s : ch\u00e8ques, liquide, ch\u00e8ques vacances, ch\u00e8ques vacances [&hellip;]<\/p>\n","protected":false},"author":1,"featured_media":0,"parent":0,"menu_order":0,"comment_status":"closed","ping_status":"closed","template":"","meta":[],"_links":{"self":[{"href":"https:\/\/chambres-cheznico.com\/index.php\/wp-json\/wp\/v2\/pages\/19"}],"collection":[{"href":"https:\/\/chambres-cheznico.com\/index.php\/wp-json\/wp\/v2\/pages"}],"about":[{"href":"https:\/\/chambres-cheznico.com\/index.php\/wp-json\/wp\/v2\/types\/page"}],"author":[{"embeddable":true,"href":"https:\/\/chambres-cheznico.com\/index.php\/wp-json\/wp\/v2\/users\/1"}],"replies":[{"embeddable":true,"href":"https:\/\/chambres-cheznico.com\/index.php\/wp-json\/wp\/v2\/comments?post=19"}],"version-history":[{"count":31,"href":"https:\/\/chambres-cheznico.com\/index.php\/wp-json\/wp\/v2\/pages\/19\/revisions"}],"predecessor-version":[{"id":656,"href":"https:\/\/chambres-cheznico.com\/index.php\/wp-json\/wp\/v2\/pages\/19\/revisions\/656"}],"wp:attachment":[{"href":"https:\/\/chambres-cheznico.com\/index.php\/wp-json\/wp\/v2\/media?parent=19"}],"curies":[{"name":"wp","href":"https:\/\/api.w.org\/{rel}","templated":true}]}}