{"id":185,"date":"2016-10-18T21:09:42","date_gmt":"2016-10-18T19:09:42","guid":{"rendered":"http:\/\/chambres-cheznico.com\/?page_id=185"},"modified":"2016-11-05T19:58:07","modified_gmt":"2016-11-05T18:58:07","slug":"vos-vacances-au-menil","status":"publish","type":"page","link":"https:\/\/chambres-cheznico.com\/index.php\/vos-vacances-au-menil\/","title":{"rendered":"les \u00e9quipements"},"content":{"rendered":"<p>La maison est \u00e9quip\u00e9e d&rsquo;un parking privatif. L&rsquo;entr\u00e9e des chambres est ind\u00e9pendante de l&rsquo;entr\u00e9e principale. Nous accueillons les couples, les familles.<img decoding=\"async\" loading=\"lazy\" class=\"wp-image-517 alignright\" src=\"http:\/\/chambres-cheznico.com\/wp-content\/uploads\/2016\/10\/20160823_1247161-300x201.jpg\" alt=\"20160823_1247161\" width=\"215\" height=\"144\" \/><\/p>\n<p>Des \u00e9quipements sont disponibles pour les enfants en bas \u00e2ges (lit, chaise haute, matelas \u00e0 langer transat).<\/p>\n<p>Vous pouvez vous d\u00e9tendre dans le salon privatif \u00e9quip\u00e9 d&rsquo;une t\u00e9l\u00e9vision, connexion wifi.<\/p>\n<p>Vous avez la possibilit\u00e9 de vous restaurer dans le coin repas mis \u00e0 disposition, \u00e9quip\u00e9 d&rsquo;un micro-onde, frigo (des restaurateurs pr\u00e9parent des repas \u00e0 emporter).<\/p>\n<p>Un garage ferm\u00e9 est mis \u00e0 votre disposition pour les motos, v\u00e9los, possibilit\u00e9 de les laver et r\u00e9parer, de m\u00eame pour les skis.<\/p>\n<p>Les chiens sont accept\u00e9s sous conditions (\u00e0 voir au moment de la r\u00e9servation).<\/p>\n","protected":false},"excerpt":{"rendered":"<p>La maison est \u00e9quip\u00e9e d&rsquo;un parking privatif. L&rsquo;entr\u00e9e des chambres est ind\u00e9pendante de l&rsquo;entr\u00e9e principale. Nous accueillons les couples, les familles. Des \u00e9quipements sont disponibles pour les enfants en bas \u00e2ges (lit, chaise haute, matelas \u00e0 langer transat). Vous pouvez vous d\u00e9tendre dans le salon privatif \u00e9quip\u00e9 d&rsquo;une t\u00e9l\u00e9vision, connexion wifi. Vous avez la possibilit\u00e9 [&hellip;]<\/p>\n","protected":false},"author":1,"featured_media":0,"parent":0,"menu_order":0,"comment_status":"closed","ping_status":"closed","template":"","meta":[],"_links":{"self":[{"href":"https:\/\/chambres-cheznico.com\/index.php\/wp-json\/wp\/v2\/pages\/185"}],"collection":[{"href":"https:\/\/chambres-cheznico.com\/index.php\/wp-json\/wp\/v2\/pages"}],"about":[{"href":"https:\/\/chambres-cheznico.com\/index.php\/wp-json\/wp\/v2\/types\/page"}],"author":[{"embeddable":true,"href":"https:\/\/chambres-cheznico.com\/index.php\/wp-json\/wp\/v2\/users\/1"}],"replies":[{"embeddable":true,"href":"https:\/\/chambres-cheznico.com\/index.php\/wp-json\/wp\/v2\/comments?post=185"}],"version-history":[{"count":8,"href":"https:\/\/chambres-cheznico.com\/index.php\/wp-json\/wp\/v2\/pages\/185\/revisions"}],"predecessor-version":[{"id":526,"href":"https:\/\/chambres-cheznico.com\/index.php\/wp-json\/wp\/v2\/pages\/185\/revisions\/526"}],"wp:attachment":[{"href":"https:\/\/chambres-cheznico.com\/index.php\/wp-json\/wp\/v2\/media?parent=185"}],"curies":[{"name":"wp","href":"https:\/\/api.w.org\/{rel}","templated":true}]}}