{"id":15,"date":"2016-10-13T15:18:43","date_gmt":"2016-10-13T13:18:43","guid":{"rendered":"http:\/\/chambres-cheznico.com\/?page_id=15"},"modified":"2020-09-26T15:13:10","modified_gmt":"2020-09-26T13:13:10","slug":"les-chambres","status":"publish","type":"page","link":"https:\/\/chambres-cheznico.com\/index.php\/les-chambres\/","title":{"rendered":"les chambres"},"content":{"rendered":"<h3><span style=\"text-decoration: underline; color: #ff00ff;\">2 chambres tout confort<br \/>\n<\/span><\/h3>\n<h4><span style=\"text-decoration: underline;\">class\u00e9es 2 cl\u00e9s \u00e0 cl\u00e9-vacances suite familiale<\/span><\/h4>\n<h4><span style=\"text-decoration: underline;\">capacit\u00e9 4 personnes<\/span><\/h4>\n<p>1 lit de 140 (linge de lit fourni), 1 armoire penderie par chambre<\/p>\n<h3><img decoding=\"async\" loading=\"lazy\" class=\"alignnone size-medium wp-image-613\" src=\"http:\/\/chambres-cheznico.com\/wp-content\/uploads\/2020\/09\/2015-04-17-12.52.48-300x180.jpg\" alt=\"\" width=\"300\" height=\"180\" srcset=\"https:\/\/chambres-cheznico.com\/wp-content\/uploads\/2020\/09\/2015-04-17-12.52.48-300x180.jpg 300w, https:\/\/chambres-cheznico.com\/wp-content\/uploads\/2020\/09\/2015-04-17-12.52.48-768x461.jpg 768w, https:\/\/chambres-cheznico.com\/wp-content\/uploads\/2020\/09\/2015-04-17-12.52.48-1024x614.jpg 1024w, https:\/\/chambres-cheznico.com\/wp-content\/uploads\/2020\/09\/2015-04-17-12.52.48-450x270.jpg 450w\" sizes=\"(max-width: 300px) 100vw, 300px\" \/> <img decoding=\"async\" loading=\"lazy\" class=\"alignnone size-medium wp-image-614\" src=\"http:\/\/chambres-cheznico.com\/wp-content\/uploads\/2020\/09\/2015-04-17-12.48.11-300x180.jpg\" alt=\"\" width=\"300\" height=\"180\" srcset=\"https:\/\/chambres-cheznico.com\/wp-content\/uploads\/2020\/09\/2015-04-17-12.48.11-300x180.jpg 300w, https:\/\/chambres-cheznico.com\/wp-content\/uploads\/2020\/09\/2015-04-17-12.48.11-768x461.jpg 768w, https:\/\/chambres-cheznico.com\/wp-content\/uploads\/2020\/09\/2015-04-17-12.48.11-1024x614.jpg 1024w, https:\/\/chambres-cheznico.com\/wp-content\/uploads\/2020\/09\/2015-04-17-12.48.11-450x270.jpg 450w\" sizes=\"(max-width: 300px) 100vw, 300px\" \/><\/h3>\n<h6><span style=\"color: #800080;\">Nous tenons \u00e0 votre disposition des lits pour\u00a0 b\u00e9b\u00e9s, une chaise haute, un matelas \u00e0 langer, une petite baignoire et un transat <\/span><\/h6>\n<h6><\/h6>\n","protected":false},"excerpt":{"rendered":"<p>2 chambres tout confort class\u00e9es 2 cl\u00e9s \u00e0 cl\u00e9-vacances suite familiale capacit\u00e9 4 personnes 1 lit de 140 (linge de lit fourni), 1 armoire penderie par chambre Nous tenons \u00e0 votre disposition des lits pour\u00a0 b\u00e9b\u00e9s, une chaise haute, un matelas \u00e0 langer, une petite baignoire et un transat<\/p>\n","protected":false},"author":1,"featured_media":0,"parent":0,"menu_order":0,"comment_status":"closed","ping_status":"closed","template":"","meta":[],"_links":{"self":[{"href":"https:\/\/chambres-cheznico.com\/index.php\/wp-json\/wp\/v2\/pages\/15"}],"collection":[{"href":"https:\/\/chambres-cheznico.com\/index.php\/wp-json\/wp\/v2\/pages"}],"about":[{"href":"https:\/\/chambres-cheznico.com\/index.php\/wp-json\/wp\/v2\/types\/page"}],"author":[{"embeddable":true,"href":"https:\/\/chambres-cheznico.com\/index.php\/wp-json\/wp\/v2\/users\/1"}],"replies":[{"embeddable":true,"href":"https:\/\/chambres-cheznico.com\/index.php\/wp-json\/wp\/v2\/comments?post=15"}],"version-history":[{"count":18,"href":"https:\/\/chambres-cheznico.com\/index.php\/wp-json\/wp\/v2\/pages\/15\/revisions"}],"predecessor-version":[{"id":615,"href":"https:\/\/chambres-cheznico.com\/index.php\/wp-json\/wp\/v2\/pages\/15\/revisions\/615"}],"wp:attachment":[{"href":"https:\/\/chambres-cheznico.com\/index.php\/wp-json\/wp\/v2\/media?parent=15"}],"curies":[{"name":"wp","href":"https:\/\/api.w.org\/{rel}","templated":true}]}}